{"id":161,"date":"2023-02-09T16:37:59","date_gmt":"2023-02-09T16:37:59","guid":{"rendered":"https:\/\/cobertnaus.com\/?page_id=161"},"modified":"2023-03-28T16:13:42","modified_gmt":"2023-03-28T16:13:42","slug":"rehabilitacion","status":"publish","type":"page","link":"https:\/\/cobertnaus.com\/ca\/rehabilitacion\/","title":{"rendered":"Rehabilitaci\u00f3"},"content":{"rendered":"<div class=\"wpb-content-wrapper\"><div data-parent=\"true\" class=\"vc_row has-bg need-focus style-color-wayh-bg vc_custom_1676304469354 row-container with-kburns has-dividers\" style=\"margin-top: 0px ;margin-bottom: 0px ;border-top-width: 0px ;border-bottom-width: 0px ;padding-top: 0px ;padding-bottom: 0px ;\" id=\"row-unique-0\"><div class=\"row-background background-element\">\n\t\t\t\t\t\t\t\t\t\t\t<div class=\"background-wrapper\">\n\t\t\t\t\t\t\t\t\t\t\t\t<div class=\"background-inner\" style=\"background-image: url(https:\/\/cobertnaus.com\/wp-content\/uploads\/2023\/02\/cabecera-8.jpg);background-repeat: no-repeat;background-position: center center;background-attachment: scroll;background-size: cover;\"><\/div>\n\t\t\t\t\t\t\t\t\t\t\t\t<div class=\"block-bg-overlay style-color-jevc-bg\" style=\"opacity: 0.3;\"><\/div>\n\t\t\t\t\t\t\t\t\t\t\t<\/div>\n\t\t\t\t\t\t\t\t\t\t<\/div><div class=\"uncode-divider-wrap uncode-divider-wrap-top z_index_0\" style=\"height: 150px; opacity: 0.7\" data-height=\"150\" data-unit=\"px\"><svg version=\"1.1\" class=\"uncode-row-divider uncode-row-divider-fan-opacity\" x=\"0px\" y=\"0px\" width=\"240px\" height=\"24px\" viewbox=\"0 0 240 24\" enable-background=\"new 0 0 240 24\" xml:space=\"preserve\" preserveaspectratio=\"none\">\n\t\t<path fill=\"#2b4c9b\" fill-opacity=\"0.25\" d=\"M0,24h240V0L0,11.26V24z\"\/>\n\t\t<path fill=\"#2b4c9b\" d=\"M240,24H0V11.26L240,24z\"\/>\n\t\t<path fill=\"#2b4c9b\" fill-opacity=\"0.5\" d=\"M240,24H0V11.26h240V24z\"\/>\n\t\t<\/svg><\/div><div class=\"row col-no-gutter no-top-padding no-bottom-padding single-h-padding full-width row-parent\" data-height-ratio=\"55\"><div class=\"wpb_row row-inner\"><div class=\"wpb_column pos-middle pos-center align_center column_parent col-lg-12 single-internal-gutter\"><div class=\"uncol style-spec style-dark\"  ><div class=\"uncoltable\"><div class=\"uncell no-block-padding\" ><div class=\"uncont\" ><div class=\"vc_custom_heading_wrap\"><div class=\"heading-text el-text zoom-out animate_when_almost_visible\" ><h1 class=\"h1\" ><span>Som especialistes en qualsevol tipus de rehabilitaci\u00f3<\/span><\/h1><\/div><div class=\"clear\"><\/div><\/div><\/div><\/div><\/div><\/div><\/div><script id=\"script-row-unique-0\" data-row=\"script-row-unique-0\" type=\"text\/javascript\" class=\"vc_controls\">UNCODE.initRow(document.getElementById(\"row-unique-0\"));<\/script><\/div><\/div><\/div><div data-parent=\"true\" class=\"vc_row has-bg need-focus style-color-vyce-bg row-container\" id=\"row-unique-1\"><div class=\"row single-top-padding single-bottom-padding single-h-padding limit-width row-parent\"><div class=\"wpb_row row-inner\"><div class=\"wpb_column pos-top pos-center align_center column_parent col-lg-12 single-internal-gutter\"><div class=\"uncol style-light\"  ><div class=\"uncoltable\"><div class=\"uncell no-block-padding\" ><div class=\"uncont\" ><div class=\"vc_custom_heading_wrap\"><div class=\"heading-text el-text bottom-t-top animate_when_almost_visible\" ><h2 class=\"h2 text-color-xsdn-color\" ><span>Rehabilitaci\u00f3<\/span><\/h2><\/div><div class=\"clear\"><\/div><\/div><\/div><\/div><\/div><\/div><\/div><script id=\"script-row-unique-1\" data-row=\"script-row-unique-1\" type=\"text\/javascript\" class=\"vc_controls\">UNCODE.initRow(document.getElementById(\"row-unique-1\"));<\/script><\/div><\/div><\/div><div data-parent=\"true\" class=\"vc_row row-container\" id=\"row-unique-2\"><div class=\"row col-double-gutter double-top-padding double-bottom-padding single-h-padding limit-width row-parent\"><div class=\"wpb_row row-inner\"><div class=\"wpb_column pos-top pos-center align_left column_parent col-lg-6 single-internal-gutter\"><div class=\"uncol style-light\"  ><div class=\"uncoltable\"><div class=\"uncell no-block-padding\" ><div class=\"uncont\" ><div class=\"vc_custom_heading_wrap\"><div class=\"heading-text el-text bottom-t-top animate_when_almost_visible\" ><h2 class=\"h4 text-color-vyce-color\" ><span>Es realitzen rehabilitacions segons les necessitats de cada client quant a imatge corporativa i pressupost<\/span><\/h2><\/div><div class=\"clear\"><\/div><\/div><div class=\"uncode_text_column bottom-t-top animate_when_almost_visible\" ><p><strong>Estem especialitzats en rehabilitacions de cobertes i fa\u00e7anes.<\/strong><br \/>\nEs fan rehabilitacions parcials o totals de cobertes en funci\u00f3 de les peticions de cada client.<\/p>\n<p><strong>Som especialistes en rehabilitaci\u00f3 per a futura instal\u00b7laci\u00f3 de plaques solars.<\/strong><br \/>\nOptimitzem els materials amb una<strong> gran relaci\u00f3 qualitat-preu<\/strong> de manera que puguin satisfer els seus requisits per aconseguir un resultat \u00f2ptim.<\/p>\n<\/div><\/div><\/div><\/div><\/div><\/div><div class=\"wpb_column pos-top pos-center align_left column_parent col-lg-6 half-internal-gutter\"><div class=\"uncol style-light\"  ><div class=\"uncoltable\"><div class=\"uncell no-block-padding\" ><div class=\"uncont\" ><div id=\"gallery-632094\" class=\"un-media-gallery isotope-system isotope-general-light grid-general-light\">\n\t\t\t\t\t\n\t\n\t<div class=\"isotope-wrapper grid-wrapper half-gutter\" >\n\t\t\t\t\t\t\t\t\t<div class=\"isotope-container isotope-layout style-masonry\" data-type=\"masonry\" data-layout=\"masonry\" data-lg=\"1000\" data-md=\"600\" data-sm=\"480\">\n<div class=\"tmb tmb-iso-w4 tmb-iso-h4 tmb-light tmb-overlay-text-anim tmb-overlay-anim tmb-overlay-middle tmb-overlay-text-left tmb-image-anim tmb-id-166  tmb-img-ratio tmb-media-first tmb-media-last tmb-content-overlay tmb-no-bg tmb-lightbox\" ><div class=\"t-inside animate_when_almost_visible bottom-t-top\" ><div class=\"t-entry-visual\"><div class=\"t-entry-visual-tc\"><div class=\"t-entry-visual-cont\"><div class=\"dummy\" style=\"padding-top: 50%;\"><\/div><a href=\"https:\/\/cobertnaus.com\/wp-content\/uploads\/2023\/02\/rehab1.jpg\"  class=\"pushed\" data-active=\"1\" data-lbox=\"ilightbox_gallery-632094\" data-external-thumb-image=\"https:\/\/cobertnaus.com\/wp-content\/uploads\/2023\/02\/rehab1-150x150.jpg\" data-lg-size=\"990-342\" data-lb-index=\"0\"><div class=\"t-entry-visual-overlay\"><div class=\"t-entry-visual-overlay-in style-dark-bg\" style=\"opacity: 0.5;\"><\/div><\/div><div class=\"t-overlay-wrap\"><div class=\"t-overlay-inner\">\n\t\t\t\t\t\t\t\t\t\t\t\t\t\t<div class=\"t-overlay-content\">\n\t\t\t\t\t\t\t\t\t\t\t\t\t\t\t<div class=\"t-overlay-text single-block-padding\"><div class=\"t-entry\"><i class=\"fa fa-expand t-overlay-icon\"><\/i><\/div><\/div><\/div><\/div><\/div><img decoding=\"async\" class=\"wp-image-166\" src=\"https:\/\/cobertnaus.com\/wp-content\/uploads\/2023\/02\/rehab1-uai-684x342.jpg\" width=\"684\" height=\"342\" alt=\"cobertnaus\" \/><\/a><\/div>\n\t\t\t\t\t<\/div>\n\t\t\t\t<\/div><\/div><\/div><div class=\"tmb tmb-iso-w4 tmb-iso-h4 tmb-light tmb-overlay-text-anim tmb-overlay-anim tmb-overlay-middle tmb-overlay-text-left tmb-image-anim tmb-id-167  tmb-img-ratio tmb-media-first tmb-media-last tmb-content-overlay tmb-no-bg tmb-lightbox\" ><div class=\"t-inside animate_when_almost_visible bottom-t-top\" ><div class=\"t-entry-visual\"><div class=\"t-entry-visual-tc\"><div class=\"t-entry-visual-cont\"><div class=\"dummy\" style=\"padding-top: 50%;\"><\/div><a href=\"https:\/\/cobertnaus.com\/wp-content\/uploads\/2023\/02\/rehab2.jpg\"  class=\"pushed\" data-active=\"1\" data-lbox=\"ilightbox_gallery-632094\" data-external-thumb-image=\"https:\/\/cobertnaus.com\/wp-content\/uploads\/2023\/02\/rehab2-150x150.jpg\" data-lg-size=\"990-342\" data-lb-index=\"1\"><div class=\"t-entry-visual-overlay\"><div class=\"t-entry-visual-overlay-in style-dark-bg\" style=\"opacity: 0.5;\"><\/div><\/div><div class=\"t-overlay-wrap\"><div class=\"t-overlay-inner\">\n\t\t\t\t\t\t\t\t\t\t\t\t\t\t<div class=\"t-overlay-content\">\n\t\t\t\t\t\t\t\t\t\t\t\t\t\t\t<div class=\"t-overlay-text single-block-padding\"><div class=\"t-entry\"><i class=\"fa fa-expand t-overlay-icon\"><\/i><\/div><\/div><\/div><\/div><\/div><img decoding=\"async\" class=\"wp-image-167\" src=\"https:\/\/cobertnaus.com\/wp-content\/uploads\/2023\/02\/rehab2-uai-684x342.jpg\" width=\"684\" height=\"342\" alt=\"cobertnaus\" \/><\/a><\/div>\n\t\t\t\t\t<\/div>\n\t\t\t\t<\/div><\/div><\/div><div class=\"tmb tmb-iso-w4 tmb-iso-h4 tmb-light tmb-overlay-text-anim tmb-overlay-anim tmb-overlay-middle tmb-overlay-text-left tmb-image-anim tmb-id-169  tmb-img-ratio tmb-media-first tmb-media-last tmb-content-overlay tmb-no-bg tmb-lightbox\" ><div class=\"t-inside animate_when_almost_visible bottom-t-top\" ><div class=\"t-entry-visual\"><div class=\"t-entry-visual-tc\"><div class=\"t-entry-visual-cont\"><div class=\"dummy\" style=\"padding-top: 50%;\"><\/div><a href=\"https:\/\/cobertnaus.com\/wp-content\/uploads\/2023\/02\/rehab4.jpg\"  class=\"pushed\" data-active=\"1\" data-lbox=\"ilightbox_gallery-632094\" data-external-thumb-image=\"https:\/\/cobertnaus.com\/wp-content\/uploads\/2023\/02\/rehab4-150x150.jpg\" data-lg-size=\"990-342\" data-lb-index=\"2\"><div class=\"t-entry-visual-overlay\"><div class=\"t-entry-visual-overlay-in style-dark-bg\" style=\"opacity: 0.5;\"><\/div><\/div><div class=\"t-overlay-wrap\"><div class=\"t-overlay-inner\">\n\t\t\t\t\t\t\t\t\t\t\t\t\t\t<div class=\"t-overlay-content\">\n\t\t\t\t\t\t\t\t\t\t\t\t\t\t\t<div class=\"t-overlay-text single-block-padding\"><div class=\"t-entry\"><i class=\"fa fa-expand t-overlay-icon\"><\/i><\/div><\/div><\/div><\/div><\/div><img decoding=\"async\" class=\"wp-image-169\" src=\"https:\/\/cobertnaus.com\/wp-content\/uploads\/2023\/02\/rehab4-uai-684x342.jpg\" width=\"684\" height=\"342\" alt=\"cobertnaus\" \/><\/a><\/div>\n\t\t\t\t\t<\/div>\n\t\t\t\t<\/div><\/div><\/div><div class=\"tmb tmb-iso-w4 tmb-iso-h4 tmb-light tmb-overlay-text-anim tmb-overlay-anim tmb-overlay-middle tmb-overlay-text-left tmb-image-anim tmb-id-426  tmb-img-ratio tmb-media-first tmb-media-last tmb-content-overlay tmb-no-bg tmb-lightbox\" ><div class=\"t-inside animate_when_almost_visible bottom-t-top\" ><div class=\"t-entry-visual\"><div class=\"t-entry-visual-tc\"><div class=\"t-entry-visual-cont\"><div class=\"dummy\" style=\"padding-top: 50%;\"><\/div><a href=\"https:\/\/cobertnaus.com\/wp-content\/uploads\/2023\/03\/rehab5.jpg\"  class=\"pushed\" data-active=\"1\" data-lbox=\"ilightbox_gallery-632094\" data-external-thumb-image=\"https:\/\/cobertnaus.com\/wp-content\/uploads\/2023\/03\/rehab5-150x150.jpg\" data-lg-size=\"990-342\" data-lb-index=\"3\"><div class=\"t-entry-visual-overlay\"><div class=\"t-entry-visual-overlay-in style-dark-bg\" style=\"opacity: 0.5;\"><\/div><\/div><div class=\"t-overlay-wrap\"><div class=\"t-overlay-inner\">\n\t\t\t\t\t\t\t\t\t\t\t\t\t\t<div class=\"t-overlay-content\">\n\t\t\t\t\t\t\t\t\t\t\t\t\t\t\t<div class=\"t-overlay-text single-block-padding\"><div class=\"t-entry\"><i class=\"fa fa-expand t-overlay-icon\"><\/i><\/div><\/div><\/div><\/div><\/div><img decoding=\"async\" class=\"wp-image-426\" src=\"https:\/\/cobertnaus.com\/wp-content\/uploads\/2023\/03\/rehab5-uai-684x342.jpg\" width=\"684\" height=\"342\" alt=\"\" \/><\/a><\/div>\n\t\t\t\t\t<\/div>\n\t\t\t\t<\/div><\/div><\/div><div class=\"tmb tmb-iso-w4 tmb-iso-h4 tmb-light tmb-overlay-text-anim tmb-overlay-anim tmb-overlay-middle tmb-overlay-text-left tmb-image-anim tmb-id-427  tmb-img-ratio tmb-media-first tmb-media-last tmb-content-overlay tmb-no-bg tmb-lightbox\" ><div class=\"t-inside animate_when_almost_visible bottom-t-top\" ><div class=\"t-entry-visual\"><div class=\"t-entry-visual-tc\"><div class=\"t-entry-visual-cont\"><div class=\"dummy\" style=\"padding-top: 50%;\"><\/div><a href=\"https:\/\/cobertnaus.com\/wp-content\/uploads\/2023\/03\/rehab6.jpg\"  class=\"pushed\" data-active=\"1\" data-lbox=\"ilightbox_gallery-632094\" data-external-thumb-image=\"https:\/\/cobertnaus.com\/wp-content\/uploads\/2023\/03\/rehab6-150x150.jpg\" data-lg-size=\"990-342\" data-lb-index=\"4\"><div class=\"t-entry-visual-overlay\"><div class=\"t-entry-visual-overlay-in style-dark-bg\" style=\"opacity: 0.5;\"><\/div><\/div><div class=\"t-overlay-wrap\"><div class=\"t-overlay-inner\">\n\t\t\t\t\t\t\t\t\t\t\t\t\t\t<div class=\"t-overlay-content\">\n\t\t\t\t\t\t\t\t\t\t\t\t\t\t\t<div class=\"t-overlay-text single-block-padding\"><div class=\"t-entry\"><i class=\"fa fa-expand t-overlay-icon\"><\/i><\/div><\/div><\/div><\/div><\/div><img decoding=\"async\" class=\"wp-image-427\" src=\"https:\/\/cobertnaus.com\/wp-content\/uploads\/2023\/03\/rehab6-uai-684x342.jpg\" width=\"684\" height=\"342\" alt=\"\" \/><\/a><\/div>\n\t\t\t\t\t<\/div>\n\t\t\t\t<\/div><\/div><\/div><div class=\"tmb tmb-iso-w4 tmb-iso-h4 tmb-light tmb-overlay-text-anim tmb-overlay-anim tmb-overlay-middle tmb-overlay-text-left tmb-image-anim tmb-id-428  tmb-img-ratio tmb-media-first tmb-media-last tmb-content-overlay tmb-no-bg tmb-lightbox\" ><div class=\"t-inside animate_when_almost_visible bottom-t-top\" ><div class=\"t-entry-visual\"><div class=\"t-entry-visual-tc\"><div class=\"t-entry-visual-cont\"><div class=\"dummy\" style=\"padding-top: 50%;\"><\/div><a href=\"https:\/\/cobertnaus.com\/wp-content\/uploads\/2023\/03\/rehab7.jpg\"  class=\"pushed\" data-active=\"1\" data-lbox=\"ilightbox_gallery-632094\" data-external-thumb-image=\"https:\/\/cobertnaus.com\/wp-content\/uploads\/2023\/03\/rehab7-150x150.jpg\" data-lg-size=\"990-342\" data-lb-index=\"5\"><div class=\"t-entry-visual-overlay\"><div class=\"t-entry-visual-overlay-in style-dark-bg\" style=\"opacity: 0.5;\"><\/div><\/div><div class=\"t-overlay-wrap\"><div class=\"t-overlay-inner\">\n\t\t\t\t\t\t\t\t\t\t\t\t\t\t<div class=\"t-overlay-content\">\n\t\t\t\t\t\t\t\t\t\t\t\t\t\t\t<div class=\"t-overlay-text single-block-padding\"><div class=\"t-entry\"><i class=\"fa fa-expand t-overlay-icon\"><\/i><\/div><\/div><\/div><\/div><\/div><img decoding=\"async\" class=\"wp-image-428\" src=\"https:\/\/cobertnaus.com\/wp-content\/uploads\/2023\/03\/rehab7-uai-684x342.jpg\" width=\"684\" height=\"342\" alt=\"\" \/><\/a><\/div>\n\t\t\t\t\t<\/div>\n\t\t\t\t<\/div><\/div><\/div>\t\t\t<\/div>\n\t\t\t\t\t<\/div>\n\n\t\n\t\n\t\n<\/div>\n\n<div class=\"uncode_text_column text-small text-color-vyce-color bottom-t-top animate_when_almost_visible\" ><p><strong>Exemples de rehabilitaci\u00f3 realitzats per Cobertnaus<\/strong><\/p>\n<\/div><\/div><\/div><\/div><\/div><\/div><script id=\"script-row-unique-2\" data-row=\"script-row-unique-2\" type=\"text\/javascript\" class=\"vc_controls\">UNCODE.initRow(document.getElementById(\"row-unique-2\"));<\/script><\/div><\/div><\/div><div data-parent=\"true\" class=\"vc_row has-bg need-focus style-color-210407-bg row-container\" id=\"row-unique-3\"><div class=\"row-background background-element\" style=\"opacity: 1;\">\n\t\t\t\t\t\t\t\t\t\t\t<div class=\"background-wrapper\">\n\t\t\t\t\t\t\t\t\t\t\t\t<div class=\"background-inner\"><\/div>\n\t\t\t\t\t\t\t\t\t\t\t\t<div class=\"block-bg-overlay style-color-xsdn-bg\" style=\"opacity: 0.85;\"><\/div>\n\t\t\t\t\t\t\t\t\t\t\t<\/div>\n\t\t\t\t\t\t\t\t\t\t<\/div><div class=\"row double-top-padding double-bottom-padding single-h-padding limit-width row-parent\"><div class=\"wpb_row row-inner\"><div class=\"wpb_column pos-top pos-center align_center column_parent col-lg-12 single-internal-gutter\"><div class=\"uncol style-light\"  ><div class=\"uncoltable\"><div class=\"uncell no-block-padding\" ><div class=\"uncont\" ><div class=\"vc_custom_heading_wrap\"><div class=\"heading-text el-text bottom-t-top animate_when_almost_visible\" ><h2 class=\"h2\" ><span>Per qu\u00e8 confiar en Cobertnaus?<\/span><\/h2><\/div><div class=\"clear\"><\/div><\/div><div class=\"uncode_text_column bottom-t-top animate_when_almost_visible\" ><p><strong>A Cobertnaus oferim a tots els nostres clients un tracte pr\u00f2xim i personalitzat<\/strong>, afegint la nostra professionalitat i serietat a qualsevol projecte que desenvolupem.<br \/>\nA m\u00e9s, a Cobertnaus <strong>garantim les nostres solucions<\/strong> i ens <strong>adaptem a les necessitats de cada empresa<\/strong>.<\/p>\n<\/div><\/div><\/div><\/div><\/div><\/div><script id=\"script-row-unique-3\" data-row=\"script-row-unique-3\" type=\"text\/javascript\" class=\"vc_controls\">UNCODE.initRow(document.getElementById(\"row-unique-3\"));<\/script><\/div><\/div><\/div><div data-parent=\"true\" class=\"vc_row row-container magnetic\" id=\"row-unique-4\"><div class=\"row-background background-element\">\n\t\t\t\t\t\t\t\t\t\t\t<div class=\"background-wrapper\">\n\t\t\t\t\t\t\t\t\t\t\t\t<div class=\"background-inner\" style=\"background-image: url(https:\/\/cobertnaus.com\/wp-content\/uploads\/2023\/02\/cobertnaus_presupuesto.jpg);background-repeat: no-repeat;background-position: center center;background-attachment: scroll;background-size: cover;\"><\/div>\n\t\t\t\t\t\t\t\t\t\t\t\t<div class=\"block-bg-overlay style-color-jevc-bg\" style=\"opacity: 0.5;\"><\/div>\n\t\t\t\t\t\t\t\t\t\t\t<\/div>\n\t\t\t\t\t\t\t\t\t\t<\/div><div class=\"row double-top-padding single-bottom-padding single-h-padding limit-width row-parent\" data-minheight=\"225\"><div class=\"wpb_row row-inner\"><div class=\"wpb_column pos-top pos-center align_center column_parent col-lg-12 half-internal-gutter\"><div class=\"uncol style-light\"  ><div class=\"uncoltable\"><div class=\"uncell no-block-padding\" ><div class=\"uncont\" ><div class=\"vc_custom_heading_wrap\"><div class=\"heading-text el-text bottom-t-top animate_when_almost_visible\" ><h2 class=\"h2 text-color-xsdn-color\" ><span>Necessites un pressupost?<\/span><\/h2><\/div><div class=\"clear\"><\/div><\/div><div class=\"uncode_text_column text-color-xsdn-color bottom-t-top animate_when_almost_visible\" ><\/p>\n<p style=\"text-align: center;\">Ens ajustem a les teves necessitats.<\/p>\n<p>\n<\/div><span class=\"btn-container animate_when_almost_visible bottom-t-top\" ><a role=\"button\"  href=\"https:\/\/cobertnaus.com\/ca\/contacto-2\/\" class=\"custom-link btn border-width-0 btn-color-210407 btn-flat btn-icon-left\" title=\"Contacte\">Contacta amb nosaltres<\/a><\/span><\/div><\/div><\/div><\/div><\/div><script id=\"script-row-unique-4\" data-row=\"script-row-unique-4\" type=\"text\/javascript\" class=\"vc_controls\">UNCODE.initRow(document.getElementById(\"row-unique-4\"));<\/script><\/div><\/div><\/div><div data-parent=\"true\" class=\"vc_row row-container\" id=\"row-unique-5\"><div class=\"row limit-width row-parent\"><div class=\"wpb_row row-inner\"><div class=\"wpb_column pos-top pos-center align_left column_parent col-lg-12 single-internal-gutter\"><div class=\"uncol style-light\"  ><div class=\"uncoltable\"><div class=\"uncell no-block-padding\" ><div class=\"uncont\" ><\/div><\/div><\/div><\/div><\/div><script id=\"script-row-unique-5\" data-row=\"script-row-unique-5\" type=\"text\/javascript\" class=\"vc_controls\">UNCODE.initRow(document.getElementById(\"row-unique-5\"));<\/script><\/div><\/div><\/div>\n<\/div>","protected":false},"excerpt":{"rendered":"Somos especialistas en cualquier tipo de rehabilitaci\u00f3nRehabilitaci\u00f3nSe realizan rehabilitaciones seg\u00fan las necesidades de cada cliente en cuanto a imagen corporativa [...]","protected":false},"author":1,"featured_media":0,"parent":0,"menu_order":0,"comment_status":"closed","ping_status":"closed","template":"","meta":{"footnotes":""},"class_list":["post-161","page","type-page","status-publish","hentry"],"yoast_head":"<!-- This site is optimized with the Yoast SEO plugin v27.4 - https:\/\/yoast.com\/product\/yoast-seo-wordpress\/ -->\n<title>Rehabilitaci\u00f3n - Cobertnaus<\/title>\n<meta name=\"description\" content=\"Somos especialistas en cubiertas y fachadas de naves industriales, rehabilitaci\u00f3n, mantenimiento y reparaciones.\" \/>\n<meta name=\"robots\" content=\"index, follow, max-snippet:-1, max-image-preview:large, max-video-preview:-1\" \/>\n<link rel=\"canonical\" href=\"https:\/\/cobertnaus.com\/ca\/rehabilitacion\/\" \/>\n<meta property=\"og:locale\" content=\"ca_ES\" \/>\n<meta property=\"og:type\" content=\"article\" \/>\n<meta property=\"og:title\" content=\"Rehabilitaci\u00f3n - Cobertnaus\" \/>\n<meta property=\"og:description\" content=\"Somos especialistas en cubiertas y fachadas de naves industriales, rehabilitaci\u00f3n, mantenimiento y reparaciones.\" \/>\n<meta property=\"og:url\" content=\"https:\/\/cobertnaus.com\/ca\/rehabilitacion\/\" \/>\n<meta property=\"og:site_name\" content=\"Cobertnaus\" \/>\n<meta property=\"article:publisher\" content=\"https:\/\/www.facebook.com\/Cobertnaus?fref=ts\" \/>\n<meta property=\"article:modified_time\" content=\"2023-03-28T16:13:42+00:00\" \/>\n<meta name=\"twitter:card\" content=\"summary_large_image\" \/>\n<meta name=\"twitter:label1\" content=\"Temps estimat de lectura\" \/>\n\t<meta name=\"twitter:data1\" content=\"2 minuts\" \/>\n<script type=\"application\/ld+json\" class=\"yoast-schema-graph\">{\"@context\":\"https:\\\/\\\/schema.org\",\"@graph\":[{\"@type\":\"WebPage\",\"@id\":\"https:\\\/\\\/cobertnaus.com\\\/rehabilitacion\\\/\",\"url\":\"https:\\\/\\\/cobertnaus.com\\\/rehabilitacion\\\/\",\"name\":\"Rehabilitaci\u00f3n - Cobertnaus\",\"isPartOf\":{\"@id\":\"https:\\\/\\\/cobertnaus.com\\\/#website\"},\"datePublished\":\"2023-02-09T16:37:59+00:00\",\"dateModified\":\"2023-03-28T16:13:42+00:00\",\"description\":\"Somos especialistas en cubiertas y fachadas de naves industriales, rehabilitaci\u00f3n, mantenimiento y reparaciones.\",\"breadcrumb\":{\"@id\":\"https:\\\/\\\/cobertnaus.com\\\/rehabilitacion\\\/#breadcrumb\"},\"inLanguage\":\"ca\",\"potentialAction\":[{\"@type\":\"ReadAction\",\"target\":[\"https:\\\/\\\/cobertnaus.com\\\/rehabilitacion\\\/\"]}]},{\"@type\":\"BreadcrumbList\",\"@id\":\"https:\\\/\\\/cobertnaus.com\\\/rehabilitacion\\\/#breadcrumb\",\"itemListElement\":[{\"@type\":\"ListItem\",\"position\":1,\"name\":\"Portada\",\"item\":\"https:\\\/\\\/cobertnaus.com\\\/\"},{\"@type\":\"ListItem\",\"position\":2,\"name\":\"Rehabilitaci\u00f3n\"}]},{\"@type\":\"WebSite\",\"@id\":\"https:\\\/\\\/cobertnaus.com\\\/#website\",\"url\":\"https:\\\/\\\/cobertnaus.com\\\/\",\"name\":\"Cobertnaus\",\"description\":\"Rehabilitaci\u00f3n de naves industriales\",\"publisher\":{\"@id\":\"https:\\\/\\\/cobertnaus.com\\\/#organization\"},\"potentialAction\":[{\"@type\":\"SearchAction\",\"target\":{\"@type\":\"EntryPoint\",\"urlTemplate\":\"https:\\\/\\\/cobertnaus.com\\\/?s={search_term_string}\"},\"query-input\":{\"@type\":\"PropertyValueSpecification\",\"valueRequired\":true,\"valueName\":\"search_term_string\"}}],\"inLanguage\":\"ca\"},{\"@type\":\"Organization\",\"@id\":\"https:\\\/\\\/cobertnaus.com\\\/#organization\",\"name\":\"Cobertnaus\",\"url\":\"https:\\\/\\\/cobertnaus.com\\\/\",\"logo\":{\"@type\":\"ImageObject\",\"inLanguage\":\"ca\",\"@id\":\"https:\\\/\\\/cobertnaus.com\\\/#\\\/schema\\\/logo\\\/image\\\/\",\"url\":\"https:\\\/\\\/cobertnaus.com\\\/wp-content\\\/uploads\\\/2023\\\/02\\\/logo_cobertnaus_positivo.png\",\"contentUrl\":\"https:\\\/\\\/cobertnaus.com\\\/wp-content\\\/uploads\\\/2023\\\/02\\\/logo_cobertnaus_positivo.png\",\"width\":271,\"height\":87,\"caption\":\"Cobertnaus\"},\"image\":{\"@id\":\"https:\\\/\\\/cobertnaus.com\\\/#\\\/schema\\\/logo\\\/image\\\/\"},\"sameAs\":[\"https:\\\/\\\/www.facebook.com\\\/Cobertnaus?fref=ts\",\"https:\\\/\\\/www.pinterest.es\\\/Cobertnaus\\\/\"]}]}<\/script>\n<!-- \/ Yoast SEO plugin. -->","yoast_head_json":{"title":"Rehabilitaci\u00f3n - Cobertnaus","description":"Somos especialistas en cubiertas y fachadas de naves industriales, rehabilitaci\u00f3n, mantenimiento y reparaciones.","robots":{"index":"index","follow":"follow","max-snippet":"max-snippet:-1","max-image-preview":"max-image-preview:large","max-video-preview":"max-video-preview:-1"},"canonical":"https:\/\/cobertnaus.com\/ca\/rehabilitacion\/","og_locale":"ca_ES","og_type":"article","og_title":"Rehabilitaci\u00f3n - Cobertnaus","og_description":"Somos especialistas en cubiertas y fachadas de naves industriales, rehabilitaci\u00f3n, mantenimiento y reparaciones.","og_url":"https:\/\/cobertnaus.com\/ca\/rehabilitacion\/","og_site_name":"Cobertnaus","article_publisher":"https:\/\/www.facebook.com\/Cobertnaus?fref=ts","article_modified_time":"2023-03-28T16:13:42+00:00","twitter_card":"summary_large_image","twitter_misc":{"Temps estimat de lectura":"2 minuts"},"schema":{"@context":"https:\/\/schema.org","@graph":[{"@type":"WebPage","@id":"https:\/\/cobertnaus.com\/rehabilitacion\/","url":"https:\/\/cobertnaus.com\/rehabilitacion\/","name":"Rehabilitaci\u00f3n - Cobertnaus","isPartOf":{"@id":"https:\/\/cobertnaus.com\/#website"},"datePublished":"2023-02-09T16:37:59+00:00","dateModified":"2023-03-28T16:13:42+00:00","description":"Somos especialistas en cubiertas y fachadas de naves industriales, rehabilitaci\u00f3n, mantenimiento y reparaciones.","breadcrumb":{"@id":"https:\/\/cobertnaus.com\/rehabilitacion\/#breadcrumb"},"inLanguage":"ca","potentialAction":[{"@type":"ReadAction","target":["https:\/\/cobertnaus.com\/rehabilitacion\/"]}]},{"@type":"BreadcrumbList","@id":"https:\/\/cobertnaus.com\/rehabilitacion\/#breadcrumb","itemListElement":[{"@type":"ListItem","position":1,"name":"Portada","item":"https:\/\/cobertnaus.com\/"},{"@type":"ListItem","position":2,"name":"Rehabilitaci\u00f3n"}]},{"@type":"WebSite","@id":"https:\/\/cobertnaus.com\/#website","url":"https:\/\/cobertnaus.com\/","name":"Cobertnaus","description":"Rehabilitaci\u00f3n de naves industriales","publisher":{"@id":"https:\/\/cobertnaus.com\/#organization"},"potentialAction":[{"@type":"SearchAction","target":{"@type":"EntryPoint","urlTemplate":"https:\/\/cobertnaus.com\/?s={search_term_string}"},"query-input":{"@type":"PropertyValueSpecification","valueRequired":true,"valueName":"search_term_string"}}],"inLanguage":"ca"},{"@type":"Organization","@id":"https:\/\/cobertnaus.com\/#organization","name":"Cobertnaus","url":"https:\/\/cobertnaus.com\/","logo":{"@type":"ImageObject","inLanguage":"ca","@id":"https:\/\/cobertnaus.com\/#\/schema\/logo\/image\/","url":"https:\/\/cobertnaus.com\/wp-content\/uploads\/2023\/02\/logo_cobertnaus_positivo.png","contentUrl":"https:\/\/cobertnaus.com\/wp-content\/uploads\/2023\/02\/logo_cobertnaus_positivo.png","width":271,"height":87,"caption":"Cobertnaus"},"image":{"@id":"https:\/\/cobertnaus.com\/#\/schema\/logo\/image\/"},"sameAs":["https:\/\/www.facebook.com\/Cobertnaus?fref=ts","https:\/\/www.pinterest.es\/Cobertnaus\/"]}]}},"_links":{"self":[{"href":"https:\/\/cobertnaus.com\/ca\/wp-json\/wp\/v2\/pages\/161","targetHints":{"allow":["GET"]}}],"collection":[{"href":"https:\/\/cobertnaus.com\/ca\/wp-json\/wp\/v2\/pages"}],"about":[{"href":"https:\/\/cobertnaus.com\/ca\/wp-json\/wp\/v2\/types\/page"}],"author":[{"embeddable":true,"href":"https:\/\/cobertnaus.com\/ca\/wp-json\/wp\/v2\/users\/1"}],"replies":[{"embeddable":true,"href":"https:\/\/cobertnaus.com\/ca\/wp-json\/wp\/v2\/comments?post=161"}],"version-history":[{"count":11,"href":"https:\/\/cobertnaus.com\/ca\/wp-json\/wp\/v2\/pages\/161\/revisions"}],"predecessor-version":[{"id":513,"href":"https:\/\/cobertnaus.com\/ca\/wp-json\/wp\/v2\/pages\/161\/revisions\/513"}],"wp:attachment":[{"href":"https:\/\/cobertnaus.com\/ca\/wp-json\/wp\/v2\/media?parent=161"}],"curies":[{"name":"wp","href":"https:\/\/api.w.org\/{rel}","templated":true}]}}