{"id":337,"date":"2023-02-14T11:45:17","date_gmt":"2023-02-14T11:45:17","guid":{"rendered":"https:\/\/cobertnaus.com\/?page_id=337"},"modified":"2024-08-05T08:44:40","modified_gmt":"2024-08-05T08:44:40","slug":"aviso-legal","status":"publish","type":"page","link":"https:\/\/cobertnaus.com\/ca\/aviso-legal\/","title":{"rendered":"Av\u00eds legal"},"content":{"rendered":"<div class=\"wpb-content-wrapper\"><div data-parent=\"true\" class=\"vc_row has-bg need-focus style-color-vyce-bg row-container\" id=\"row-unique-0\"><div class=\"row single-top-padding single-bottom-padding double-h-padding full-width row-parent\"><div class=\"wpb_row row-inner\"><div class=\"wpb_column pos-top pos-center align_left column_parent col-lg-12 single-internal-gutter\"><div class=\"uncol style-light\"  ><div class=\"uncoltable\"><div class=\"uncell no-block-padding\" ><div class=\"uncont\" ><div class=\"vc_custom_heading_wrap\"><div class=\"heading-text el-text bottom-t-top animate_when_almost_visible\" ><h2 class=\"h2 text-color-xsdn-color\" ><span>Av\u00eds legal<\/span><\/h2><\/div><div class=\"clear\"><\/div><\/div><\/div><\/div><\/div><\/div><\/div><script id=\"script-row-unique-0\" data-row=\"script-row-unique-0\" type=\"text\/javascript\" class=\"vc_controls\">UNCODE.initRow(document.getElementById(\"row-unique-0\"));<\/script><\/div><\/div><\/div><div data-parent=\"true\" class=\"vc_row row-container\" id=\"row-unique-1\"><div class=\"row single-top-padding single-bottom-padding double-h-padding full-width row-parent\"><div class=\"wpb_row row-inner\"><div class=\"wpb_column pos-top pos-center align_left column_parent col-lg-12 single-internal-gutter\"><div class=\"uncol style-light\"  ><div class=\"uncoltable\"><div class=\"uncell no-block-padding\" ><div class=\"uncont\" ><div class=\"uncode_text_column\" ><p>En compliment de la Llei 34\/2002, de 11 de juliol, de Serveis de la Societat de la Informaci\u00f3 i de Comer\u00e7 electr\u00f2nic, s'informa a l'Usuari que el titular de la p\u00e0gina web www.cobertnaus.com. \u00e9s de Cobertnaus. S.L. i les vostres dades d'identificaci\u00f3 s\u00f3n les seg\u00fcents:<\/p>\n<p>&nbsp;<\/p>\n<p><strong>Domicili social:<\/strong><br \/>\nC\/ Saragossa 1-3, local 7<br \/>\n08860 Castelldefels, Barcelona<br \/>\nNIF: B63382758<br \/>\nCorreu electr\u00f2nic: cobertnaus@cobertnaus.com<\/p>\n<p>&nbsp;<\/p>\n<p><strong>1. Accedir a la p\u00e0gina web<\/strong><br \/>\nL'av\u00eds Legal regula l'acc\u00e9s i l'\u00fas dels usuaris a la p\u00e0gina web i t\u00e9 per objecte donar a con\u00e8ixer els serveis i els productes de l'entitat i permetre l'acc\u00e9s general de tots els usuaris d'Internet.<\/p>\n<p>L'acc\u00e9s i\/o \u00fas del web atribueix a qui el realitza la condici\u00f3 d'usuari i l'acceptaci\u00f3, sense reserves de cap mena, de totes i cadascuna de les presents condicions generals, aix\u00ed com d'aquelles altres particulars que, si escau, regeixin la utilitzaci\u00f3 del portal o dels serveis vinculats a aquest.<\/p>\n<p>L'usuari ha de llegir atentament l'Av\u00eds Legal i les Pol\u00edtiques de Privadesa i de Cookies quan es proposi utilitzar la P\u00e0gina Web, ja que Cobertnaus. S.L. es reserva la facultat de realitzar, en qualsevol moment i sense necessitat de cap preav\u00eds, qualsevol modificaci\u00f3 o actualitzaci\u00f3 dels continguts i serveis, de les presents disposicions d'acc\u00e9s i \u00fas i, en general, de quants elements integrin el disseny i la configuraci\u00f3 del seu Web. Si no accepteu les condicions d'acc\u00e9s i \u00fas, us preguem que us abstingueu d'utilitzar el web i el seu contingut.<\/p>\n<p>&nbsp;<\/p>\n<p><strong>2. Utilitzaci\u00f3 de la p\u00e0gina web<\/strong><br \/>\nL'Usuari es compromet a fer un \u00fas diligent de la P\u00e0gina Web, aix\u00ed com de la informaci\u00f3 relativa als seus serveis i\/o activitats, amb total subjecci\u00f3 tant a la normativa aplicable, aix\u00ed com amb la moral i els bons costums generalment acceptats i el ordre p\u00fablic, les condicions dacc\u00e9s i \u00fas i qualssevol altres condicions establertes a la P\u00e0gina Web.<\/p>\n<p>A m\u00e9s, es compromet a abstenir-se d'utilitzar qualsevol dels continguts amb finalitats o efectes il\u00b7l\u00edcits, prohibits en aquest text, lesius dels drets i interessos de tercers, o que de qualsevol manera puguin danyar, inutilitzar, sobrecarregar, deteriorar o impedir la normal utilitzaci\u00f3 dels continguts, altres Usuaris o de qualsevol usuari dInternet (hardware i software).<\/p>\n<p>&nbsp;<\/p>\n<p><strong>3. Funcionalitat de la p\u00e0gina web<\/strong><br \/>\nEn cas d'incompliment de les condicions de l'Av\u00eds Legal, o les Pol\u00edtiques de Privadesa i Cookies, Cobertnaus. S.L. es reserva el dret a limitar, suspendre i\/o excloure l'acc\u00e9s a la seva p\u00e0gina web, adoptant qualsevol mesura t\u00e8cnica necess\u00e0ria al respecte. Cobertnaus. S.L. far\u00e0 el possible per mantenir la p\u00e0gina web en bon funcionament, evitant errors, o b\u00e9 reparant-los i mantenint els continguts actualitzats Ara b\u00e9, Cobertnaus. S.L. no garanteix la disponibilitat i continu\u00eftat en l'acc\u00e9s a la p\u00e0gina web ni la inexist\u00e8ncia d'errors al contingut.<\/p>\n<p>&nbsp;<\/p>\n<p><strong>4. Responsabilitat<\/strong><br \/>\nL'usuari \u00e9s l'\u00fanic responsable de l'\u00fas que es pugui fer de qualsevol informaci\u00f3 o mecanisme de la p\u00e0gina web.<\/p>\n<p>Cobertnaus. S.L. no es far\u00e0 responsable de cap dany al maquinari i\/o programari de l'Usuari que es derivi de l'acc\u00e9s i l'\u00fas de la P\u00e0gina Web. Aix\u00ed mateix, tampoc no es responsabilitzar\u00e0 d'aquests danys i\/o perjudicis que es puguin ocasionar per l'acc\u00e9s i\/o \u00fas de la informaci\u00f3 de la P\u00e0gina Web, i en concret dels que es puguin produir en sistemes inform\u00e0tics o els provocats per virus \/ o atacs inform\u00e0tics, caigudes, interrupcions abs\u00e8ncia o defecte a les comunicacions i\/o Internet.<\/p>\n<p>L'Usuari ser\u00e0 responsable dels danys i perjudicis que Cobertnaus. S.L. pugui patir com a conseq\u00fc\u00e8ncia de l'incompliment de qualsevol de les obligacions a qu\u00e8 queda sotm\u00e8s a trav\u00e9s del present Av\u00eds Legal, la normativa aplicable i Pol\u00edtica de Privadesa i de Cookies.<\/p>\n<p>&nbsp;<\/p>\n<p><strong>5. Pol\u00edtica en mat\u00e8ria de \u201cLinks\u201d (Web enlla\u00e7ant i enlla\u00e7ada)<\/strong><br \/>\n<strong>Web enlla\u00e7ant<\/strong><br \/>\nEls tercers que tinguin la intenci\u00f3 d'incloure en una p\u00e0gina web un enlla\u00e7 d'aquesta p\u00e0gina web hauran de complir la legislaci\u00f3 vigent i no podran allotjar continguts que siguin inadequats, il\u00b7l\u00edcits, pornogr\u00e0fics, violents, etc.<\/p>\n<p>En cap cas Cobertnaus. S.L. es fa responsable del contingut de la p\u00e0gina web, ni promou, garanteix, supervisa ni recomana els continguts d'aquesta.<\/p>\n<p>Si la Web enlla\u00e7ant incompleix algun dels aspectes anteriors, estar\u00e0 obligat a suprimir l'enlla\u00e7 de manera immediata.<\/p>\n<p>&nbsp;<\/p>\n<p><strong>Web enlla\u00e7ada<\/strong><br \/>\nEn aquesta P\u00e0gina Web es poden incloure enlla\u00e7os de p\u00e0gines web de tercers que permetin accedir a l'Usuari. Tot i aix\u00f2, Cobertnaus. S.L. no es fa responsable del contingut d'aquestes p\u00e0gines web enlla\u00e7ades, sin\u00f3 que l'Usuari ser\u00e0 l'encarregat d'acceptar i comprovar els accessos cada vegada que hi accedeixi.<br \/>\nAquests enlla\u00e7os o mencions tenen una finalitat que no impliquen el suport, l'aprovaci\u00f3, la comercialitzaci\u00f3 o cap relaci\u00f3 entre la p\u00e0gina i les persones o entitats titulars dels llocs on es trobin.<\/p>\n<p>&nbsp;<\/p>\n<p><strong>6. Propietat Intel\u00b7lectual i Industrial sobre els continguts<\/strong><br \/>\nCobertnaus. S.L. o els seus llicenciants, s\u00f3n titulars de tots els drets de propietat intel\u00b7lectual sobre els continguts de la p\u00e0gina web, entenent com a tal tots els dissenys, bases de dades, programes d'ordinadors subjacents (codi font, incl\u00f2s), aix\u00ed com els diferents elements que integren la P\u00e0gina Web (textos, gr\u00e0fics, fotografies, v\u00eddeos, colors, etc.), estructura, ordre, etc. Pel que fa a les marques i noms comercials (\u201csignes distintius\u201d) s\u00f3n titularitat de Cobertnaus. S.L. o els llicenciants.<\/p>\n<p>L'\u00fas de la p\u00e0gina web per part de l'usuari no suposa la cessi\u00f3 de cap dret de propietat intel\u00b7lectual ni industrial. L'Usuari t\u00e9 totalment prohibit reproduir, copiar, distribuir, posar a disposici\u00f3 o de qualsevol altra manera de comunicar p\u00fablicament, transformar o modificar els Continguts o els Signes distintius, llevat que es compti amb l'autoritzaci\u00f3 del titular dels drets corresponents o aix\u00f2 resulti legalment perm\u00e8s.<\/p>\n<p>&nbsp;<\/p>\n<p><strong>7. Publicitat<\/strong><\/p>\n<p>A la p\u00e0gina web es podran allotjar continguts publicitaris o patrocinats. Els anunciants o patrocinadors s\u00f3n els \u00fanics responsables d'assegurar-se que el material rem\u00e8s per a la seva inclusi\u00f3 a la web compleix les lleis que en cada cas puguin ser aplicables.<\/p>\n<p>Cobertnaus. S.L. no ser\u00e0 responsable de cap error, inexactitud o irregularitat que puguin contenir els continguts publicitaris o dels patrocinadors.<\/p>\n<p>&nbsp;<\/p>\n<p><strong>8. Legislaci\u00f3 aplicable<\/strong><br \/>\nL'Av\u00eds Legal es regir\u00e0 i interpretar\u00e0 de conformitat amb la legislaci\u00f3 espanyola.<br \/>\nPer resoldre qualsevol conflicte que es pugui derivar de l'acc\u00e9s al lloc web, se sotmetran als jutjats o tribunals pertinents de conformitat amb la normativa de consumidors i usuaris.<\/p>\n<p>&nbsp;<\/p>\n<p><strong>9. Contacte<\/strong><br \/>\nPer a qualsevol pregunta o comentari sobre aquest av\u00eds legal us podeu posar en contacte amb nosaltres a trav\u00e9s del correu electr\u00f2nic cobertnaus@cobertnaus.com<\/p>\n<\/div><\/div><\/div><\/div><\/div><\/div><script id=\"script-row-unique-1\" data-row=\"script-row-unique-1\" type=\"text\/javascript\" class=\"vc_controls\">UNCODE.initRow(document.getElementById(\"row-unique-1\"));<\/script><\/div><\/div><\/div><div data-parent=\"true\" class=\"vc_row row-container\" id=\"row-unique-2\"><div class=\"row limit-width row-parent\"><div class=\"wpb_row row-inner\"><div class=\"wpb_column pos-top pos-center align_left column_parent col-lg-12 single-internal-gutter\"><div class=\"uncol style-light\"  ><div class=\"uncoltable\"><div class=\"uncell no-block-padding\" ><div class=\"uncont\" ><\/div><\/div><\/div><\/div><\/div><script id=\"script-row-unique-2\" data-row=\"script-row-unique-2\" type=\"text\/javascript\" class=\"vc_controls\">UNCODE.initRow(document.getElementById(\"row-unique-2\"));<\/script><\/div><\/div><\/div>\n<\/div>","protected":false},"excerpt":{"rendered":"Aviso legalEn cumplimiento de la Ley 34\/2002, de 11 de julio, de Servicios de la Sociedad de la Informaci\u00f3n y [...]","protected":false},"author":1,"featured_media":0,"parent":0,"menu_order":0,"comment_status":"closed","ping_status":"closed","template":"","meta":{"footnotes":""},"class_list":["post-337","page","type-page","status-publish","hentry"],"yoast_head":"<!-- This site is optimized with the Yoast SEO plugin v27.4 - https:\/\/yoast.com\/product\/yoast-seo-wordpress\/ -->\n<title>Aviso legal - Cobertnaus<\/title>\n<meta name=\"description\" content=\"Somos especialistas en cubiertas y fachadas de naves industriales, rehabilitaci\u00f3n, mantenimiento y reparaciones.\" \/>\n<meta name=\"robots\" content=\"index, follow, max-snippet:-1, max-image-preview:large, max-video-preview:-1\" \/>\n<link rel=\"canonical\" href=\"https:\/\/cobertnaus.com\/ca\/aviso-legal\/\" \/>\n<meta property=\"og:locale\" content=\"ca_ES\" \/>\n<meta property=\"og:type\" content=\"article\" \/>\n<meta property=\"og:title\" content=\"Aviso legal - Cobertnaus\" \/>\n<meta property=\"og:description\" content=\"Somos especialistas en cubiertas y fachadas de naves industriales, rehabilitaci\u00f3n, mantenimiento y reparaciones.\" \/>\n<meta property=\"og:url\" content=\"https:\/\/cobertnaus.com\/ca\/aviso-legal\/\" \/>\n<meta property=\"og:site_name\" content=\"Cobertnaus\" \/>\n<meta property=\"article:publisher\" content=\"https:\/\/www.facebook.com\/Cobertnaus?fref=ts\" \/>\n<meta property=\"article:modified_time\" content=\"2024-08-05T08:44:40+00:00\" \/>\n<meta name=\"twitter:card\" content=\"summary_large_image\" \/>\n<meta name=\"twitter:label1\" content=\"Temps estimat de lectura\" \/>\n\t<meta name=\"twitter:data1\" content=\"6 minuts\" \/>\n<script type=\"application\/ld+json\" class=\"yoast-schema-graph\">{\"@context\":\"https:\\\/\\\/schema.org\",\"@graph\":[{\"@type\":\"WebPage\",\"@id\":\"https:\\\/\\\/cobertnaus.com\\\/aviso-legal\\\/\",\"url\":\"https:\\\/\\\/cobertnaus.com\\\/aviso-legal\\\/\",\"name\":\"Aviso legal - Cobertnaus\",\"isPartOf\":{\"@id\":\"https:\\\/\\\/cobertnaus.com\\\/#website\"},\"datePublished\":\"2023-02-14T11:45:17+00:00\",\"dateModified\":\"2024-08-05T08:44:40+00:00\",\"description\":\"Somos especialistas en cubiertas y fachadas de naves industriales, rehabilitaci\u00f3n, mantenimiento y reparaciones.\",\"breadcrumb\":{\"@id\":\"https:\\\/\\\/cobertnaus.com\\\/aviso-legal\\\/#breadcrumb\"},\"inLanguage\":\"ca\",\"potentialAction\":[{\"@type\":\"ReadAction\",\"target\":[\"https:\\\/\\\/cobertnaus.com\\\/aviso-legal\\\/\"]}]},{\"@type\":\"BreadcrumbList\",\"@id\":\"https:\\\/\\\/cobertnaus.com\\\/aviso-legal\\\/#breadcrumb\",\"itemListElement\":[{\"@type\":\"ListItem\",\"position\":1,\"name\":\"Portada\",\"item\":\"https:\\\/\\\/cobertnaus.com\\\/\"},{\"@type\":\"ListItem\",\"position\":2,\"name\":\"Aviso legal\"}]},{\"@type\":\"WebSite\",\"@id\":\"https:\\\/\\\/cobertnaus.com\\\/#website\",\"url\":\"https:\\\/\\\/cobertnaus.com\\\/\",\"name\":\"Cobertnaus\",\"description\":\"Rehabilitaci\u00f3n de naves industriales\",\"publisher\":{\"@id\":\"https:\\\/\\\/cobertnaus.com\\\/#organization\"},\"potentialAction\":[{\"@type\":\"SearchAction\",\"target\":{\"@type\":\"EntryPoint\",\"urlTemplate\":\"https:\\\/\\\/cobertnaus.com\\\/?s={search_term_string}\"},\"query-input\":{\"@type\":\"PropertyValueSpecification\",\"valueRequired\":true,\"valueName\":\"search_term_string\"}}],\"inLanguage\":\"ca\"},{\"@type\":\"Organization\",\"@id\":\"https:\\\/\\\/cobertnaus.com\\\/#organization\",\"name\":\"Cobertnaus\",\"url\":\"https:\\\/\\\/cobertnaus.com\\\/\",\"logo\":{\"@type\":\"ImageObject\",\"inLanguage\":\"ca\",\"@id\":\"https:\\\/\\\/cobertnaus.com\\\/#\\\/schema\\\/logo\\\/image\\\/\",\"url\":\"https:\\\/\\\/cobertnaus.com\\\/wp-content\\\/uploads\\\/2023\\\/02\\\/logo_cobertnaus_positivo.png\",\"contentUrl\":\"https:\\\/\\\/cobertnaus.com\\\/wp-content\\\/uploads\\\/2023\\\/02\\\/logo_cobertnaus_positivo.png\",\"width\":271,\"height\":87,\"caption\":\"Cobertnaus\"},\"image\":{\"@id\":\"https:\\\/\\\/cobertnaus.com\\\/#\\\/schema\\\/logo\\\/image\\\/\"},\"sameAs\":[\"https:\\\/\\\/www.facebook.com\\\/Cobertnaus?fref=ts\",\"https:\\\/\\\/www.pinterest.es\\\/Cobertnaus\\\/\"]}]}<\/script>\n<!-- \/ Yoast SEO plugin. -->","yoast_head_json":{"title":"Aviso legal - Cobertnaus","description":"Somos especialistas en cubiertas y fachadas de naves industriales, rehabilitaci\u00f3n, mantenimiento y reparaciones.","robots":{"index":"index","follow":"follow","max-snippet":"max-snippet:-1","max-image-preview":"max-image-preview:large","max-video-preview":"max-video-preview:-1"},"canonical":"https:\/\/cobertnaus.com\/ca\/aviso-legal\/","og_locale":"ca_ES","og_type":"article","og_title":"Aviso legal - Cobertnaus","og_description":"Somos especialistas en cubiertas y fachadas de naves industriales, rehabilitaci\u00f3n, mantenimiento y reparaciones.","og_url":"https:\/\/cobertnaus.com\/ca\/aviso-legal\/","og_site_name":"Cobertnaus","article_publisher":"https:\/\/www.facebook.com\/Cobertnaus?fref=ts","article_modified_time":"2024-08-05T08:44:40+00:00","twitter_card":"summary_large_image","twitter_misc":{"Temps estimat de lectura":"6 minuts"},"schema":{"@context":"https:\/\/schema.org","@graph":[{"@type":"WebPage","@id":"https:\/\/cobertnaus.com\/aviso-legal\/","url":"https:\/\/cobertnaus.com\/aviso-legal\/","name":"Aviso legal - Cobertnaus","isPartOf":{"@id":"https:\/\/cobertnaus.com\/#website"},"datePublished":"2023-02-14T11:45:17+00:00","dateModified":"2024-08-05T08:44:40+00:00","description":"Somos especialistas en cubiertas y fachadas de naves industriales, rehabilitaci\u00f3n, mantenimiento y reparaciones.","breadcrumb":{"@id":"https:\/\/cobertnaus.com\/aviso-legal\/#breadcrumb"},"inLanguage":"ca","potentialAction":[{"@type":"ReadAction","target":["https:\/\/cobertnaus.com\/aviso-legal\/"]}]},{"@type":"BreadcrumbList","@id":"https:\/\/cobertnaus.com\/aviso-legal\/#breadcrumb","itemListElement":[{"@type":"ListItem","position":1,"name":"Portada","item":"https:\/\/cobertnaus.com\/"},{"@type":"ListItem","position":2,"name":"Aviso legal"}]},{"@type":"WebSite","@id":"https:\/\/cobertnaus.com\/#website","url":"https:\/\/cobertnaus.com\/","name":"Cobertnaus","description":"Rehabilitaci\u00f3n de naves industriales","publisher":{"@id":"https:\/\/cobertnaus.com\/#organization"},"potentialAction":[{"@type":"SearchAction","target":{"@type":"EntryPoint","urlTemplate":"https:\/\/cobertnaus.com\/?s={search_term_string}"},"query-input":{"@type":"PropertyValueSpecification","valueRequired":true,"valueName":"search_term_string"}}],"inLanguage":"ca"},{"@type":"Organization","@id":"https:\/\/cobertnaus.com\/#organization","name":"Cobertnaus","url":"https:\/\/cobertnaus.com\/","logo":{"@type":"ImageObject","inLanguage":"ca","@id":"https:\/\/cobertnaus.com\/#\/schema\/logo\/image\/","url":"https:\/\/cobertnaus.com\/wp-content\/uploads\/2023\/02\/logo_cobertnaus_positivo.png","contentUrl":"https:\/\/cobertnaus.com\/wp-content\/uploads\/2023\/02\/logo_cobertnaus_positivo.png","width":271,"height":87,"caption":"Cobertnaus"},"image":{"@id":"https:\/\/cobertnaus.com\/#\/schema\/logo\/image\/"},"sameAs":["https:\/\/www.facebook.com\/Cobertnaus?fref=ts","https:\/\/www.pinterest.es\/Cobertnaus\/"]}]}},"_links":{"self":[{"href":"https:\/\/cobertnaus.com\/ca\/wp-json\/wp\/v2\/pages\/337","targetHints":{"allow":["GET"]}}],"collection":[{"href":"https:\/\/cobertnaus.com\/ca\/wp-json\/wp\/v2\/pages"}],"about":[{"href":"https:\/\/cobertnaus.com\/ca\/wp-json\/wp\/v2\/types\/page"}],"author":[{"embeddable":true,"href":"https:\/\/cobertnaus.com\/ca\/wp-json\/wp\/v2\/users\/1"}],"replies":[{"embeddable":true,"href":"https:\/\/cobertnaus.com\/ca\/wp-json\/wp\/v2\/comments?post=337"}],"version-history":[{"count":4,"href":"https:\/\/cobertnaus.com\/ca\/wp-json\/wp\/v2\/pages\/337\/revisions"}],"predecessor-version":[{"id":340,"href":"https:\/\/cobertnaus.com\/ca\/wp-json\/wp\/v2\/pages\/337\/revisions\/340"}],"wp:attachment":[{"href":"https:\/\/cobertnaus.com\/ca\/wp-json\/wp\/v2\/media?parent=337"}],"curies":[{"name":"wp","href":"https:\/\/api.w.org\/{rel}","templated":true}]}}