{"id":342,"date":"2023-02-14T11:56:43","date_gmt":"2023-02-14T11:56:43","guid":{"rendered":"https:\/\/cobertnaus.com\/?page_id=342"},"modified":"2023-02-14T12:06:57","modified_gmt":"2023-02-14T12:06:57","slug":"politica-de-cookies","status":"publish","type":"page","link":"https:\/\/cobertnaus.com\/ca\/politica-de-cookies\/","title":{"rendered":"Pol\u00edtica de cookies"},"content":{"rendered":"<div class=\"wpb-content-wrapper\"><div data-parent=\"true\" class=\"vc_row has-bg need-focus style-color-vyce-bg row-container\" id=\"row-unique-0\"><div class=\"row single-top-padding single-bottom-padding double-h-padding full-width row-parent\"><div class=\"wpb_row row-inner\"><div class=\"wpb_column pos-top pos-center align_left column_parent col-lg-12 single-internal-gutter\"><div class=\"uncol style-light\"  ><div class=\"uncoltable\"><div class=\"uncell no-block-padding\" ><div class=\"uncont\" ><div class=\"vc_custom_heading_wrap\"><div class=\"heading-text el-text bottom-t-top animate_when_almost_visible\" ><h2 class=\"h2 text-color-xsdn-color\" ><span>Pol\u00edtica de cookies<\/span><\/h2><\/div><div class=\"clear\"><\/div><\/div><\/div><\/div><\/div><\/div><\/div><script id=\"script-row-unique-0\" data-row=\"script-row-unique-0\" type=\"text\/javascript\" class=\"vc_controls\">UNCODE.initRow(document.getElementById(\"row-unique-0\"));<\/script><\/div><\/div><\/div><div data-parent=\"true\" class=\"vc_row row-container\" id=\"row-unique-1\"><div class=\"row single-top-padding single-bottom-padding double-h-padding full-width row-parent\"><div class=\"wpb_row row-inner\"><div class=\"wpb_column pos-top pos-center align_left column_parent col-lg-12 single-internal-gutter\"><div class=\"uncol style-light\"  ><div class=\"uncoltable\"><div class=\"uncell no-block-padding\" ><div class=\"uncont\" ><div class=\"uncode_text_column\" ><p>Una\u00a0<em>cookie<\/em>\u00a0\u00e9s un petit fitxer de text que s'emmagatzema al vostre navegador quan visita gaireb\u00e9 qualsevol p\u00e0gina web. La seva utilitat \u00e9s que la web sigui capa\u00e7 de recordar la vostra visita quan torneu a navegar per aquesta p\u00e0gina. Les\u00a0<em>cookies<\/em>\u00a0solen emmagatzemar informaci\u00f3 de car\u00e0cter t\u00e8cnic, prefer\u00e8ncies personals, personalitzaci\u00f3 de continguts, estad\u00edstiques d\u00fas, enlla\u00e7os a xarxes socials, acc\u00e9s a comptes dusuari, etc. L'objectiu de la\u00a0<em>cookie<\/em>\u00a0\u00e9s adaptar el contingut de la web al seu perfil i necessitats, sense\u00a0<em>cookies<\/em>\u00a0els serveis oferts per qualsevol p\u00e0gina es veurien minvats notablement.<\/p>\n<p>&nbsp;<\/p>\n<p><strong>Cookies utilitzades en aquest lloc web<\/strong><\/p>\n<p>Seguint les directrius de l'Ag\u00e8ncia Espanyola de Protecci\u00f3 de Dades procedim a detallar l'\u00fas de\u00a0<em>cookies<\/em>\u00a0que fa aquesta web per tal d'informar-vos amb la m\u00e0xima exactitud possible.<\/p>\n<p>Aquest lloc web utilitza les seg\u00fcents\u00a0<strong>cookies pr\u00f2pies<\/strong>:<\/p>\n<ul>\n<li>Cookies de sessi\u00f3, per garantir que els usuaris que escriguin comentaris al bloc siguin humans i no aplicacions automatitzades. D'aquesta manera es combat l'\u00a0<em>spam<\/em>.<\/li>\n<\/ul>\n<p>Aquest lloc web utilitza les seg\u00fcents\u00a0<strong>cookies de tercers<\/strong>:<\/p>\n<ul>\n<li>Google Analytics: Emmagatzema\u00a0<em>cookies<\/em>\u00a0per poder elaborar estad\u00edstiques sobre el tr\u00e0nsit i el volum de visites d'aquesta web. En utilitzar aquest lloc web est\u00e0 consentint el tractament dinformaci\u00f3 sobre vost\u00e8 per Google. Per tant, l'exercici de qualsevol dret en aquest sentit ho haur\u00e0 de fer comunicant directament amb Google.<\/li>\n<li>Xarxes socials: Cada xarxa social utilitza les seves pr\u00f2pies\u00a0<em>cookies<\/em>\u00a0perqu\u00e8 vost\u00e8 pugui punxar en botons del tipus\u00a0<em>M'agrada<\/em>\u00a0o\u00a0<em>Compartir<\/em>.<\/li>\n<\/ul>\n<p>&nbsp;<\/p>\n<p><strong>Desactivaci\u00f3 o eliminaci\u00f3 de cookies<\/strong><\/p>\n<p>En qualsevol moment podreu exercir el vostre dret de desactivaci\u00f3 o eliminaci\u00f3 de cookies d'aquest lloc web. Aquestes accions es realitzen de manera diferent en funci\u00f3 del navegador que utilitzeu.\u00a0<a href=\"https:\/\/veravent.com\/mas-informacion-sobre-las-cookies\/#navegadores\">Aqu\u00ed us deixem una guia r\u00e0pida per als navegadors m\u00e9s populars<\/a>.<\/p>\n<p>&nbsp;<\/p>\n<p><strong>Notes addicionals<\/strong><\/p>\n<ul>\n<li>Ni aquesta web ni els seus representants legals es fan responsables ni del contingut ni de la veracitat de les pol\u00edtiques de privadesa que puguin tenir els tercers esmentats en aquesta pol\u00edtica de\u00a0<em>cookies<\/em>.<\/li>\n<li>Els navegadors web s\u00f3n les eines encarregades d'emmagatzemar les\u00a0<em>cookies<\/em>\u00a0i des d'aquest lloc ha d'efectuar el dret a eliminar-lo o desactivar-lo. Ni aquesta web ni els seus representants legals poden garantir la correcta o incorrecta manipulaci\u00f3 de les\u00a0<em>cookies<\/em>\u00a0per part dels esmentats navegadors.<\/li>\n<li>En alguns casos cal instal\u00b7lar\u00a0<em>cookies<\/em>\u00a0perqu\u00e8 el navegador no oblidi la seva decisi\u00f3 de no acceptar-les.<\/li>\n<li>En el cas de les\u00a0<em>cookies<\/em>\u00a0de Google Analytics, aquesta empresa emmagatzema les\u00a0<em>cookies<\/em>\u00a0a servidors ubicats als Estats Units i es compromet a no compartir-la amb tercers, excepte en els casos en qu\u00e8 sigui necessari per al funcionament del sistema o quan la llei obligui a aquest efecte. Segons Google no desa la vostra adre\u00e7a IP. Google Inc. \u00e9s una companyia adherida a l'Acord de Port Segur que garanteix que totes les dades transferides seran tractades amb un nivell de protecci\u00f3 d'acord amb la normativa europea. Podeu consultar informaci\u00f3 detallada sobre aix\u00f2\u00a0<a href=\"http:\/\/safeharbor.export.gov\/companyinfo.aspx?id=16626\" target=\"_blank\" rel=\"noopener noreferrer\">en aquest enlla\u00e7<\/a>. Si voleu informaci\u00f3 sobre l'\u00fas que Google d\u00f3na a les galetes\u00a0<a href=\"https:\/\/developers.google.com\/analytics\/devguides\/collection\/analyticsjs\/cookie-usage?hl=es&amp;csw=1\" target=\"_blank\" rel=\"noopener noreferrer\">us adjuntem aquest altre enlla\u00e7<\/a>.<\/li>\n<li>Per a qualsevol dubte o consulta sobre aquesta pol\u00edtica de\u00a0<em>cookies<\/em> no dubteu a comunicar-vos amb nosaltres a trav\u00e9s del mail cobertnaus@cobertnaus.com<\/li>\n<\/ul>\n<p>\n<\/div><\/div><\/div><\/div><\/div><\/div><script id=\"script-row-unique-1\" data-row=\"script-row-unique-1\" type=\"text\/javascript\" class=\"vc_controls\">UNCODE.initRow(document.getElementById(\"row-unique-1\"));<\/script><\/div><\/div><\/div><div data-parent=\"true\" class=\"vc_row row-container\" id=\"row-unique-2\"><div class=\"row limit-width row-parent\"><div class=\"wpb_row row-inner\"><div class=\"wpb_column pos-top pos-center align_left column_parent col-lg-12 single-internal-gutter\"><div class=\"uncol style-light\"  ><div class=\"uncoltable\"><div class=\"uncell no-block-padding\" ><div class=\"uncont\" ><\/div><\/div><\/div><\/div><\/div><script id=\"script-row-unique-2\" data-row=\"script-row-unique-2\" type=\"text\/javascript\" class=\"vc_controls\">UNCODE.initRow(document.getElementById(\"row-unique-2\"));<\/script><\/div><\/div><\/div>\n<\/div>","protected":false},"excerpt":{"rendered":"Pol\u00edtica de cookiesUna\u00a0cookie\u00a0es un peque\u00f1o fichero de texto que se almacena en su navegador cuando visita casi cualquier p\u00e1gina web. [...]","protected":false},"author":1,"featured_media":0,"parent":0,"menu_order":0,"comment_status":"closed","ping_status":"closed","template":"","meta":{"footnotes":""},"class_list":["post-342","page","type-page","status-publish","hentry"],"yoast_head":"<!-- This site is optimized with the Yoast SEO plugin v27.5 - https:\/\/yoast.com\/product\/yoast-seo-wordpress\/ -->\n<title>Pol\u00edtica de cookies - Cobertnaus<\/title>\n<meta name=\"robots\" content=\"index, follow, max-snippet:-1, max-image-preview:large, max-video-preview:-1\" \/>\n<link rel=\"canonical\" href=\"https:\/\/cobertnaus.com\/ca\/politica-de-cookies\/\" \/>\n<meta property=\"og:locale\" content=\"ca_ES\" \/>\n<meta property=\"og:type\" content=\"article\" \/>\n<meta property=\"og:title\" content=\"Pol\u00edtica de cookies - Cobertnaus\" \/>\n<meta property=\"og:url\" content=\"https:\/\/cobertnaus.com\/ca\/politica-de-cookies\/\" \/>\n<meta property=\"og:site_name\" content=\"Cobertnaus\" \/>\n<meta property=\"article:publisher\" content=\"https:\/\/www.facebook.com\/Cobertnaus?fref=ts\" \/>\n<meta property=\"article:modified_time\" content=\"2023-02-14T12:06:57+00:00\" \/>\n<meta name=\"twitter:card\" content=\"summary_large_image\" \/>\n<meta name=\"twitter:label1\" content=\"Temps estimat de lectura\" \/>\n\t<meta name=\"twitter:data1\" content=\"4 minuts\" \/>\n<script type=\"application\/ld+json\" class=\"yoast-schema-graph\">{\"@context\":\"https:\\\/\\\/schema.org\",\"@graph\":[{\"@type\":\"WebPage\",\"@id\":\"https:\\\/\\\/cobertnaus.com\\\/politica-de-cookies\\\/\",\"url\":\"https:\\\/\\\/cobertnaus.com\\\/politica-de-cookies\\\/\",\"name\":\"Pol\u00edtica de cookies - Cobertnaus\",\"isPartOf\":{\"@id\":\"https:\\\/\\\/cobertnaus.com\\\/#website\"},\"datePublished\":\"2023-02-14T11:56:43+00:00\",\"dateModified\":\"2023-02-14T12:06:57+00:00\",\"breadcrumb\":{\"@id\":\"https:\\\/\\\/cobertnaus.com\\\/politica-de-cookies\\\/#breadcrumb\"},\"inLanguage\":\"ca\",\"potentialAction\":[{\"@type\":\"ReadAction\",\"target\":[\"https:\\\/\\\/cobertnaus.com\\\/politica-de-cookies\\\/\"]}]},{\"@type\":\"BreadcrumbList\",\"@id\":\"https:\\\/\\\/cobertnaus.com\\\/politica-de-cookies\\\/#breadcrumb\",\"itemListElement\":[{\"@type\":\"ListItem\",\"position\":1,\"name\":\"Portada\",\"item\":\"https:\\\/\\\/cobertnaus.com\\\/\"},{\"@type\":\"ListItem\",\"position\":2,\"name\":\"Pol\u00edtica de cookies\"}]},{\"@type\":\"WebSite\",\"@id\":\"https:\\\/\\\/cobertnaus.com\\\/#website\",\"url\":\"https:\\\/\\\/cobertnaus.com\\\/\",\"name\":\"Cobertnaus\",\"description\":\"Rehabilitaci\u00f3n de naves industriales\",\"publisher\":{\"@id\":\"https:\\\/\\\/cobertnaus.com\\\/#organization\"},\"potentialAction\":[{\"@type\":\"SearchAction\",\"target\":{\"@type\":\"EntryPoint\",\"urlTemplate\":\"https:\\\/\\\/cobertnaus.com\\\/?s={search_term_string}\"},\"query-input\":{\"@type\":\"PropertyValueSpecification\",\"valueRequired\":true,\"valueName\":\"search_term_string\"}}],\"inLanguage\":\"ca\"},{\"@type\":\"Organization\",\"@id\":\"https:\\\/\\\/cobertnaus.com\\\/#organization\",\"name\":\"Cobertnaus\",\"url\":\"https:\\\/\\\/cobertnaus.com\\\/\",\"logo\":{\"@type\":\"ImageObject\",\"inLanguage\":\"ca\",\"@id\":\"https:\\\/\\\/cobertnaus.com\\\/#\\\/schema\\\/logo\\\/image\\\/\",\"url\":\"https:\\\/\\\/cobertnaus.com\\\/wp-content\\\/uploads\\\/2023\\\/02\\\/logo_cobertnaus_positivo.png\",\"contentUrl\":\"https:\\\/\\\/cobertnaus.com\\\/wp-content\\\/uploads\\\/2023\\\/02\\\/logo_cobertnaus_positivo.png\",\"width\":271,\"height\":87,\"caption\":\"Cobertnaus\"},\"image\":{\"@id\":\"https:\\\/\\\/cobertnaus.com\\\/#\\\/schema\\\/logo\\\/image\\\/\"},\"sameAs\":[\"https:\\\/\\\/www.facebook.com\\\/Cobertnaus?fref=ts\",\"https:\\\/\\\/www.pinterest.es\\\/Cobertnaus\\\/\"]}]}<\/script>\n<!-- \/ Yoast SEO plugin. -->","yoast_head_json":{"title":"Pol\u00edtica de cookies - Cobertnaus","robots":{"index":"index","follow":"follow","max-snippet":"max-snippet:-1","max-image-preview":"max-image-preview:large","max-video-preview":"max-video-preview:-1"},"canonical":"https:\/\/cobertnaus.com\/ca\/politica-de-cookies\/","og_locale":"ca_ES","og_type":"article","og_title":"Pol\u00edtica de cookies - Cobertnaus","og_url":"https:\/\/cobertnaus.com\/ca\/politica-de-cookies\/","og_site_name":"Cobertnaus","article_publisher":"https:\/\/www.facebook.com\/Cobertnaus?fref=ts","article_modified_time":"2023-02-14T12:06:57+00:00","twitter_card":"summary_large_image","twitter_misc":{"Temps estimat de lectura":"4 minuts"},"schema":{"@context":"https:\/\/schema.org","@graph":[{"@type":"WebPage","@id":"https:\/\/cobertnaus.com\/politica-de-cookies\/","url":"https:\/\/cobertnaus.com\/politica-de-cookies\/","name":"Pol\u00edtica de cookies - Cobertnaus","isPartOf":{"@id":"https:\/\/cobertnaus.com\/#website"},"datePublished":"2023-02-14T11:56:43+00:00","dateModified":"2023-02-14T12:06:57+00:00","breadcrumb":{"@id":"https:\/\/cobertnaus.com\/politica-de-cookies\/#breadcrumb"},"inLanguage":"ca","potentialAction":[{"@type":"ReadAction","target":["https:\/\/cobertnaus.com\/politica-de-cookies\/"]}]},{"@type":"BreadcrumbList","@id":"https:\/\/cobertnaus.com\/politica-de-cookies\/#breadcrumb","itemListElement":[{"@type":"ListItem","position":1,"name":"Portada","item":"https:\/\/cobertnaus.com\/"},{"@type":"ListItem","position":2,"name":"Pol\u00edtica de cookies"}]},{"@type":"WebSite","@id":"https:\/\/cobertnaus.com\/#website","url":"https:\/\/cobertnaus.com\/","name":"Cobertnaus","description":"Rehabilitaci\u00f3n de naves industriales","publisher":{"@id":"https:\/\/cobertnaus.com\/#organization"},"potentialAction":[{"@type":"SearchAction","target":{"@type":"EntryPoint","urlTemplate":"https:\/\/cobertnaus.com\/?s={search_term_string}"},"query-input":{"@type":"PropertyValueSpecification","valueRequired":true,"valueName":"search_term_string"}}],"inLanguage":"ca"},{"@type":"Organization","@id":"https:\/\/cobertnaus.com\/#organization","name":"Cobertnaus","url":"https:\/\/cobertnaus.com\/","logo":{"@type":"ImageObject","inLanguage":"ca","@id":"https:\/\/cobertnaus.com\/#\/schema\/logo\/image\/","url":"https:\/\/cobertnaus.com\/wp-content\/uploads\/2023\/02\/logo_cobertnaus_positivo.png","contentUrl":"https:\/\/cobertnaus.com\/wp-content\/uploads\/2023\/02\/logo_cobertnaus_positivo.png","width":271,"height":87,"caption":"Cobertnaus"},"image":{"@id":"https:\/\/cobertnaus.com\/#\/schema\/logo\/image\/"},"sameAs":["https:\/\/www.facebook.com\/Cobertnaus?fref=ts","https:\/\/www.pinterest.es\/Cobertnaus\/"]}]}},"_links":{"self":[{"href":"https:\/\/cobertnaus.com\/ca\/wp-json\/wp\/v2\/pages\/342","targetHints":{"allow":["GET"]}}],"collection":[{"href":"https:\/\/cobertnaus.com\/ca\/wp-json\/wp\/v2\/pages"}],"about":[{"href":"https:\/\/cobertnaus.com\/ca\/wp-json\/wp\/v2\/types\/page"}],"author":[{"embeddable":true,"href":"https:\/\/cobertnaus.com\/ca\/wp-json\/wp\/v2\/users\/1"}],"replies":[{"embeddable":true,"href":"https:\/\/cobertnaus.com\/ca\/wp-json\/wp\/v2\/comments?post=342"}],"version-history":[{"count":4,"href":"https:\/\/cobertnaus.com\/ca\/wp-json\/wp\/v2\/pages\/342\/revisions"}],"predecessor-version":[{"id":345,"href":"https:\/\/cobertnaus.com\/ca\/wp-json\/wp\/v2\/pages\/342\/revisions\/345"}],"wp:attachment":[{"href":"https:\/\/cobertnaus.com\/ca\/wp-json\/wp\/v2\/media?parent=342"}],"curies":[{"name":"wp","href":"https:\/\/api.w.org\/{rel}","templated":true}]}}